{"id":905,"date":"2026-04-15T12:39:44","date_gmt":"2026-04-15T15:39:44","guid":{"rendered":"https:\/\/nautistore.com.ar\/?post_type=product&#038;p=905"},"modified":"2026-04-15T12:46:24","modified_gmt":"2026-04-15T15:46:24","slug":"cargo-520-open-con-mercury-40-hp-2-t","status":"publish","type":"product","link":"https:\/\/nautistore.com.ar\/index.php\/producto\/cargo-520-open-con-mercury-40-hp-2-t\/","title":{"rendered":"CARGO 520 OPEN CON MERCURY 40 HP 2 T"},"content":{"rendered":"<p data-start=\"1196\" data-end=\"1249\"><strong data-start=\"1199\" data-end=\"1244\">CARGO 520 OPEN 0 KM \u2013 LISTA PARA ESTRENAR<\/strong><\/p>\n<p data-start=\"1251\" data-end=\"1321\">\ud83d\udea4 <strong data-start=\"1254\" data-end=\"1286\">Trakker Cargo 520 Open NUEVA<\/strong><br data-start=\"1286\" data-end=\"1289\" \/>\u2699\ufe0f Mercury 40 HP 2T \u2013 A\u00f1o 2021<\/p>\n<p data-start=\"1323\" data-end=\"1408\">\u2714\ufe0f Embarcaci\u00f3n 0 km<br data-start=\"1342\" data-end=\"1345\" \/>\u2714\ufe0f Ideal pesca o paseo<br data-start=\"1367\" data-end=\"1370\" \/>\u2714\ufe0f Combo completo listo para el agua<\/p>\n<p data-start=\"1410\" data-end=\"1475\">\ud83d\udccf Eslora 5.32 | Manga 1.90 | Puntal 0.88<br data-start=\"1451\" data-end=\"1454\" \/>\ud83d\udc65 Hasta 6 personas<\/p>\n<p data-start=\"1477\" data-end=\"1641\">S\u00faper equipada:<br data-start=\"1495\" data-end=\"1498\" \/>Parabrisas curvo, direcci\u00f3n con volante, 2 butacas giratorias, sill\u00f3n en popa, tambucho en proa, bomba de achique, luces de navegaci\u00f3n y m\u00e1s.<\/p>\n<p data-start=\"1643\" data-end=\"1722\">\u2699\ufe0f Motor con arranque el\u00e9ctrico, comandos, automix, corta bater\u00eda y cargador.<\/p>\n<p data-start=\"1724\" data-end=\"1754\">\ud83d\udce6 Incluye tr\u00e1iler <strong data-start=\"1743\" data-end=\"1752\">nuevo<\/strong><\/p>\n","protected":false},"excerpt":{"rendered":"<p>CARGO 520 OPEN 0 KM \u2013 LISTA PARA ESTRENAR \ud83d\udea4 Trakker Cargo 520 Open NUEVA\u2699\ufe0f Mercury 40 HP 2T \u2013 [&hellip;]<\/p>\n","protected":false},"featured_media":906,"comment_status":"open","ping_status":"closed","template":"","meta":{"site-sidebar-layout":"default","site-content-layout":"","ast-site-content-layout":"default","site-content-style":"default","site-sidebar-style":"default","ast-global-header-display":"","ast-banner-title-visibility":"","ast-main-header-display":"","ast-hfb-above-header-display":"","ast-hfb-below-header-display":"","ast-hfb-mobile-header-display":"","site-post-title":"","ast-breadcrumbs-content":"","ast-featured-img":"","footer-sml-layout":"","ast-disable-related-posts":"","theme-transparent-header-meta":"default","adv-header-id-meta":"","stick-header-meta":"","header-above-stick-meta":"","header-main-stick-meta":"","header-below-stick-meta":"","astra-migrate-meta-layouts":"set","ast-page-background-enabled":"default","ast-page-background-meta":{"desktop":{"background-color":"var(--ast-global-color-4)","background-image":"","background-repeat":"repeat","background-position":"center center","background-size":"auto","background-attachment":"scroll","background-type":"","background-media":"","overlay-type":"","overlay-color":"","overlay-opacity":"","overlay-gradient":""},"tablet":{"background-color":"","background-image":"","background-repeat":"repeat","background-position":"center center","background-size":"auto","background-attachment":"scroll","background-type":"","background-media":"","overlay-type":"","overlay-color":"","overlay-opacity":"","overlay-gradient":""},"mobile":{"background-color":"","background-image":"","background-repeat":"repeat","background-position":"center center","background-size":"auto","background-attachment":"scroll","background-type":"","background-media":"","overlay-type":"","overlay-color":"","overlay-opacity":"","overlay-gradient":""}},"ast-content-background-meta":{"desktop":{"background-color":"var(--ast-global-color-5)","background-image":"","background-repeat":"repeat","background-position":"center center","background-size":"auto","background-attachment":"scroll","background-type":"","background-media":"","overlay-type":"","overlay-color":"","overlay-opacity":"","overlay-gradient":""},"tablet":{"background-color":"var(--ast-global-color-5)","background-image":"","background-repeat":"repeat","background-position":"center center","background-size":"auto","background-attachment":"scroll","background-type":"","background-media":"","overlay-type":"","overlay-color":"","overlay-opacity":"","overlay-gradient":""},"mobile":{"background-color":"var(--ast-global-color-5)","background-image":"","background-repeat":"repeat","background-position":"center center","background-size":"auto","background-attachment":"scroll","background-type":"","background-media":"","overlay-type":"","overlay-color":"","overlay-opacity":"","overlay-gradient":""}},"_joinchat":{"telephone":"+543416250392"}},"product_brand":[],"product_cat":[37],"product_tag":[],"class_list":{"0":"post-905","1":"product","2":"type-product","3":"status-publish","4":"has-post-thumbnail","6":"product_cat-embarcaciones-usadas","7":"desktop-align-left","8":"tablet-align-left","9":"mobile-align-left","11":"first","12":"instock","13":"shipping-taxable","14":"purchasable","15":"product-type-simple"},"_links":{"self":[{"href":"https:\/\/nautistore.com.ar\/index.php\/wp-json\/wp\/v2\/product\/905","targetHints":{"allow":["GET"]}}],"collection":[{"href":"https:\/\/nautistore.com.ar\/index.php\/wp-json\/wp\/v2\/product"}],"about":[{"href":"https:\/\/nautistore.com.ar\/index.php\/wp-json\/wp\/v2\/types\/product"}],"replies":[{"embeddable":true,"href":"https:\/\/nautistore.com.ar\/index.php\/wp-json\/wp\/v2\/comments?post=905"}],"wp:featuredmedia":[{"embeddable":true,"href":"https:\/\/nautistore.com.ar\/index.php\/wp-json\/wp\/v2\/media\/906"}],"wp:attachment":[{"href":"https:\/\/nautistore.com.ar\/index.php\/wp-json\/wp\/v2\/media?parent=905"}],"wp:term":[{"taxonomy":"product_brand","embeddable":true,"href":"https:\/\/nautistore.com.ar\/index.php\/wp-json\/wp\/v2\/product_brand?post=905"},{"taxonomy":"product_cat","embeddable":true,"href":"https:\/\/nautistore.com.ar\/index.php\/wp-json\/wp\/v2\/product_cat?post=905"},{"taxonomy":"product_tag","embeddable":true,"href":"https:\/\/nautistore.com.ar\/index.php\/wp-json\/wp\/v2\/product_tag?post=905"}],"curies":[{"name":"wp","href":"https:\/\/api.w.org\/{rel}","templated":true}]}}